{"id":1054,"date":"2022-09-05T20:16:57","date_gmt":"2022-09-05T20:16:57","guid":{"rendered":"http:\/\/videle.com.mx\/?post_type=product&#038;p=1054"},"modified":"2023-04-25T17:31:38","modified_gmt":"2023-04-25T17:31:38","slug":"1054","status":"publish","type":"product","link":"https:\/\/videle.com.mx\/?product=1054","title":{"rendered":"Aretes Luneta"},"content":{"rendered":"<p>Par de aretes elaborados en plata ley 925.<br \/>\nHechos a mano por expertos joyeros.<br \/>\n2.3 cms Diametro.<\/p>\n","protected":false},"excerpt":{"rendered":"<p>Esta pieza representa el equilibrio entre la serenidad y el desplazamiento de energ\u00eda que transmitimos d\u00eda a d\u00eda.<\/p>\n","protected":false},"featured_media":1374,"comment_status":"open","ping_status":"closed","template":"","meta":[],"product_cat":[28],"product_tag":[73,81,74],"_links":{"self":[{"href":"https:\/\/videle.com.mx\/index.php?rest_route=\/wp\/v2\/product\/1054"}],"collection":[{"href":"https:\/\/videle.com.mx\/index.php?rest_route=\/wp\/v2\/product"}],"about":[{"href":"https:\/\/videle.com.mx\/index.php?rest_route=\/wp\/v2\/types\/product"}],"replies":[{"embeddable":true,"href":"https:\/\/videle.com.mx\/index.php?rest_route=%2Fwp%2Fv2%2Fcomments&post=1054"}],"wp:featuredmedia":[{"embeddable":true,"href":"https:\/\/videle.com.mx\/index.php?rest_route=\/wp\/v2\/media\/1374"}],"wp:attachment":[{"href":"https:\/\/videle.com.mx\/index.php?rest_route=%2Fwp%2Fv2%2Fmedia&parent=1054"}],"wp:term":[{"taxonomy":"product_cat","embeddable":true,"href":"https:\/\/videle.com.mx\/index.php?rest_route=%2Fwp%2Fv2%2Fproduct_cat&post=1054"},{"taxonomy":"product_tag","embeddable":true,"href":"https:\/\/videle.com.mx\/index.php?rest_route=%2Fwp%2Fv2%2Fproduct_tag&post=1054"}],"curies":[{"name":"wp","href":"https:\/\/api.w.org\/{rel}","templated":true}]}}