{"id":1056,"date":"2022-09-05T20:20:14","date_gmt":"2022-09-05T20:20:14","guid":{"rendered":"http:\/\/videle.com.mx\/?post_type=product&#038;p=1056"},"modified":"2023-02-09T18:45:28","modified_gmt":"2023-02-09T18:45:28","slug":"arete-espiral","status":"publish","type":"product","link":"https:\/\/videle.com.mx\/?product=arete-espiral","title":{"rendered":"Arete Espiral"},"content":{"rendered":"<p>Par de aretes elaborados en plata ley 925.<br \/>\nHechos a mano por expertos joyeros.<\/p>\n","protected":false},"excerpt":{"rendered":"<p>Esta pieza Representa el cambio constante al que nos sometemos d\u00eda con d\u00eda, una transformaci\u00f3n de nuestra persona para ser mejores.<\/p>\n","protected":false},"featured_media":1384,"comment_status":"open","ping_status":"closed","template":"","meta":[],"product_cat":[28],"product_tag":[73,81,74],"_links":{"self":[{"href":"https:\/\/videle.com.mx\/index.php?rest_route=\/wp\/v2\/product\/1056"}],"collection":[{"href":"https:\/\/videle.com.mx\/index.php?rest_route=\/wp\/v2\/product"}],"about":[{"href":"https:\/\/videle.com.mx\/index.php?rest_route=\/wp\/v2\/types\/product"}],"replies":[{"embeddable":true,"href":"https:\/\/videle.com.mx\/index.php?rest_route=%2Fwp%2Fv2%2Fcomments&post=1056"}],"wp:featuredmedia":[{"embeddable":true,"href":"https:\/\/videle.com.mx\/index.php?rest_route=\/wp\/v2\/media\/1384"}],"wp:attachment":[{"href":"https:\/\/videle.com.mx\/index.php?rest_route=%2Fwp%2Fv2%2Fmedia&parent=1056"}],"wp:term":[{"taxonomy":"product_cat","embeddable":true,"href":"https:\/\/videle.com.mx\/index.php?rest_route=%2Fwp%2Fv2%2Fproduct_cat&post=1056"},{"taxonomy":"product_tag","embeddable":true,"href":"https:\/\/videle.com.mx\/index.php?rest_route=%2Fwp%2Fv2%2Fproduct_tag&post=1056"}],"curies":[{"name":"wp","href":"https:\/\/api.w.org\/{rel}","templated":true}]}}