{"id":1063,"date":"2022-09-05T20:36:46","date_gmt":"2022-09-05T20:36:46","guid":{"rendered":"http:\/\/videle.com.mx\/?post_type=product&#038;p=1063"},"modified":"2023-04-12T17:18:32","modified_gmt":"2023-04-12T17:18:32","slug":"calendario-azteca","status":"publish","type":"product","link":"https:\/\/videle.com.mx\/?product=calendario-azteca","title":{"rendered":"Calendario Azteca"},"content":{"rendered":"<p>Dije Elaborado en plata ley 925.<br \/>\nCadena en Plata 60cms.<br \/>\nHecho por expertos joyeros.<br \/>\nDije 1.6 cms Di\u00e1metro.<\/p>\n","protected":false},"excerpt":{"rendered":"<div class=\"ewa-rteLine\">\n<p>Rinde Homenaje a nuestros antepasados, El Calendario Azteca significaba la base de toda la estructura social, pol\u00edtica y civil de la civilizaci\u00f3n.<\/p>\n<div class=\"ewa-rteLine\">En \u00e9l se establec\u00eda una organizaci\u00f3n del tiempo que los Aztecas necesitaban para el desarrollo de su cultura.<\/div>\n<\/div>\n","protected":false},"featured_media":3817,"comment_status":"open","ping_status":"closed","template":"","meta":[],"product_cat":[33],"product_tag":[87,86,91,74],"_links":{"self":[{"href":"https:\/\/videle.com.mx\/index.php?rest_route=\/wp\/v2\/product\/1063"}],"collection":[{"href":"https:\/\/videle.com.mx\/index.php?rest_route=\/wp\/v2\/product"}],"about":[{"href":"https:\/\/videle.com.mx\/index.php?rest_route=\/wp\/v2\/types\/product"}],"replies":[{"embeddable":true,"href":"https:\/\/videle.com.mx\/index.php?rest_route=%2Fwp%2Fv2%2Fcomments&post=1063"}],"wp:featuredmedia":[{"embeddable":true,"href":"https:\/\/videle.com.mx\/index.php?rest_route=\/wp\/v2\/media\/3817"}],"wp:attachment":[{"href":"https:\/\/videle.com.mx\/index.php?rest_route=%2Fwp%2Fv2%2Fmedia&parent=1063"}],"wp:term":[{"taxonomy":"product_cat","embeddable":true,"href":"https:\/\/videle.com.mx\/index.php?rest_route=%2Fwp%2Fv2%2Fproduct_cat&post=1063"},{"taxonomy":"product_tag","embeddable":true,"href":"https:\/\/videle.com.mx\/index.php?rest_route=%2Fwp%2Fv2%2Fproduct_tag&post=1063"}],"curies":[{"name":"wp","href":"https:\/\/api.w.org\/{rel}","templated":true}]}}