{"id":1078,"date":"2022-09-06T16:06:07","date_gmt":"2022-09-06T16:06:07","guid":{"rendered":"http:\/\/videle.com.mx\/?post_type=product&#038;p=1078"},"modified":"2022-10-18T20:47:49","modified_gmt":"2022-10-18T20:47:49","slug":"dije-luneta-2","status":"publish","type":"product","link":"https:\/\/videle.com.mx\/?product=dije-luneta-2","title":{"rendered":"Dije Luneta"},"content":{"rendered":"<p>Dije Elaborado en plata ley 925.<br \/>\nHecho a mano por expertos joyeros.<br \/>\n4.5 cms Di\u00e1metro.<\/p>\n<p>Incluye cadena chica. (50 cms)<\/p>\n<p>&nbsp;<\/p>\n","protected":false},"excerpt":{"rendered":"<p>Complemento de los aretes Luneta que representan el equilibrio entre la serenidad y el desplazamiento de energ\u00eda que transmitimos d\u00eda a d\u00eda.<\/p>\n","protected":false},"featured_media":1426,"comment_status":"open","ping_status":"closed","template":"","meta":[],"product_cat":[30],"product_tag":[81,84,96,74],"_links":{"self":[{"href":"https:\/\/videle.com.mx\/index.php?rest_route=\/wp\/v2\/product\/1078"}],"collection":[{"href":"https:\/\/videle.com.mx\/index.php?rest_route=\/wp\/v2\/product"}],"about":[{"href":"https:\/\/videle.com.mx\/index.php?rest_route=\/wp\/v2\/types\/product"}],"replies":[{"embeddable":true,"href":"https:\/\/videle.com.mx\/index.php?rest_route=%2Fwp%2Fv2%2Fcomments&post=1078"}],"wp:featuredmedia":[{"embeddable":true,"href":"https:\/\/videle.com.mx\/index.php?rest_route=\/wp\/v2\/media\/1426"}],"wp:attachment":[{"href":"https:\/\/videle.com.mx\/index.php?rest_route=%2Fwp%2Fv2%2Fmedia&parent=1078"}],"wp:term":[{"taxonomy":"product_cat","embeddable":true,"href":"https:\/\/videle.com.mx\/index.php?rest_route=%2Fwp%2Fv2%2Fproduct_cat&post=1078"},{"taxonomy":"product_tag","embeddable":true,"href":"https:\/\/videle.com.mx\/index.php?rest_route=%2Fwp%2Fv2%2Fproduct_tag&post=1078"}],"curies":[{"name":"wp","href":"https:\/\/api.w.org\/{rel}","templated":true}]}}